{"id":4250,"date":"2020-05-26T19:36:40","date_gmt":"2020-05-26T22:36:40","guid":{"rendered":"https:\/\/easytem.com\/br\/?post_type=product&#038;p=4250"},"modified":"2020-06-10T10:39:18","modified_gmt":"2020-06-10T13:39:18","slug":"easytem-data-bpo","status":"publish","type":"product","link":"https:\/\/easytem.com\/br\/produto\/easytem-data-bpo\/","title":{"rendered":"EasyTEM data BPO"},"content":{"rendered":"","protected":false},"excerpt":{"rendered":"<ul>\n<li style=\"text-align: left;\"><span style=\"font-size: 80%;\">Pre\u00e7o (BRL) por usu\u00e1rio por m\u00eas;<\/span><\/li>\n<li style=\"text-align: left;\"><span style=\"font-size: 80%;\">Cobran\u00e7a m\u00ednima mensal de R$ 499,00;<\/span><\/li>\n<li style=\"text-align: left;\"><span style=\"font-size: 80%;\">Inclusas todas as funcionalidades &#8220;<strong>EasyTEM data<\/strong>&#8220;;<\/span><\/li>\n<li style=\"text-align: left;\"><span style=\"font-size: 80%;\">Servi\u00e7o professional para manusear o sistema;<\/span><\/li>\n<li style=\"text-align: left;\"><span style=\"font-size: 80%;\">Suporte telef\u00f4nico.<\/span><\/li>\n<\/ul>\n","protected":false},"featured_media":4251,"template":"","meta":[],"product_cat":[15],"product_tag":[],"class_list":["post-4250","product","type-product","status-publish","has-post-thumbnail","hentry","product_cat-produto-principal"],"_links":{"self":[{"href":"https:\/\/easytem.com\/br\/wp-json\/wp\/v3\/product\/4250","targetHints":{"allow":["GET"]}}],"collection":[{"href":"https:\/\/easytem.com\/br\/wp-json\/wp\/v3\/product"}],"about":[{"href":"https:\/\/easytem.com\/br\/wp-json\/wp\/v2\/types\/product"}],"wp:featuredmedia":[{"embeddable":true,"href":"https:\/\/easytem.com\/br\/wp-json\/wp\/v2\/media\/4251"}],"wp:attachment":[{"href":"https:\/\/easytem.com\/br\/wp-json\/wp\/v2\/media?parent=4250"}],"wp:term":[{"taxonomy":"product_cat","embeddable":true,"href":"https:\/\/easytem.com\/br\/wp-json\/wp\/v2\/product_cat?post=4250"},{"taxonomy":"product_tag","embeddable":true,"href":"https:\/\/easytem.com\/br\/wp-json\/wp\/v2\/product_tag?post=4250"}],"curies":[{"name":"wp","href":"https:\/\/api.w.org\/{rel}","templated":true}]}}