{"id":5016,"date":"2022-07-26T14:21:05","date_gmt":"2022-07-26T17:21:05","guid":{"rendered":"https:\/\/easytem.com\/br\/?page_id=5016"},"modified":"2022-07-26T16:27:25","modified_gmt":"2022-07-26T19:27:25","slug":"o-que-fazemos","status":"publish","type":"page","link":"https:\/\/easytem.com\/br\/o-que-fazemos\/","title":{"rendered":"O que fazemos"},"content":{"rendered":"\n\t<section class=\"section\" id=\"section_967518275\">\n\t\t<div class=\"bg section-bg fill bg-fill  bg-loaded\" >\n\n\t\t\t\n\t\t\t<div class=\"section-bg-overlay absolute fill\"><\/div>\n\t\t\t\n\n\t\t<\/div>\n\n\t\t<div class=\"section-content relative\">\n\t\t\t\n\n<div class=\"row row-large align-center\"  id=\"row-918513904\">\n\n\n\t<div id=\"col-238553817\" class=\"col large-12\"  >\n\t\t\t\t<div class=\"col-inner text-center\"  >\n\t\t\t\n\t\t\t\n\n<p style=\"text-align: center;\"><span style=\"font-family: 'arial black', sans-serif; color: #147de8; font-size: 110%;\">O QUE FAZEMOS<\/span><\/p>\n\t<div id=\"gap-1576306286\" class=\"gap-element clearfix\" style=\"display:block; height:auto;\">\n\t\t\n<style>\n#gap-1576306286 {\n  padding-top: 30px;\n}\n<\/style>\n\t<\/div>\n\t\n\n<div class=\"row\"  id=\"row-1441334659\">\n\n\n\t<div id=\"col-1311578578\" class=\"col medium-4 small-12 large-4\"  >\n\t\t\t\t<div class=\"col-inner\"  >\n\t\t\t\n\t\t\t\n\n\t<div id=\"text-675205735\" class=\"text\">\n\t\t\n\n<p><a href=\"https:\/\/easytem.com\/br\/servicos\/\"><img loading=\"lazy\" decoding=\"async\" class=\"alignnonewp-image-4977 aligncenter\" src=\"https:\/\/easytem.com\/br\/wp-content\/uploads\/2022\/07\/gestao-telecom-711x400.jpg\" alt=\"\" width=\"360\" height=\"216\" \/><\/a><\/p>\n<p style=\"text-align: center;\"><a href=\"https:\/\/easytem.com\/br\/servicos\/\"><strong>Gest\u00e3o de Telecomunica\u00e7\u00f5es Corporativas<\/strong><\/a><\/p>\n<p style=\"text-align: center;\"><a href=\"https:\/\/easytem.com\/br\/servicos\/\">Somos focados em Gest\u00e3o de Telecomunica\u00e7\u00f5es Corporativas. Cuidamos do A ao Z de todos os itens que\u2026<\/a><\/p>\n\t\t\n<style>\n#text-675205735 {\n  font-size: 1.05rem;\n  line-height: 1.65;\n}\n<\/style>\n\t<\/div>\n\t\n\n\t\t<\/div>\n\t\t\t\t\t<\/div>\n\n\t\n\n\t<div id=\"col-1623740155\" class=\"col medium-4 small-12 large-4\"  >\n\t\t\t\t<div class=\"col-inner\"  >\n\t\t\t\n\t\t\t\n\n\t<div id=\"text-447355282\" class=\"text\">\n\t\t\n\n<p><a href=\"https:\/\/easytem.com\/br\/gestao-de-dados-em-celulares\/\"><img loading=\"lazy\" decoding=\"async\" class=\"alignnonewp-image-4980 aligncenter\" src=\"https:\/\/easytem.com\/br\/wp-content\/uploads\/2022\/07\/monitoramento-consumo-celular-711x400.jpg\" alt=\"\" width=\"360\" height=\"216\" \/><\/a><\/p>\n<p style=\"text-align: center;\"><a href=\"https:\/\/easytem.com\/br\/gestao-de-dados-em-celulares\/\"><strong>Monitoramento de Consumo de Dados em Celulares<\/strong><\/a><\/p>\n<p style=\"text-align: center;\"><a href=\"https:\/\/easytem.com\/br\/gestao-de-dados-em-celulares\/\">Corpora\u00e7\u00f5es que possuem planos celulares corporativos contratam, geralmente, planos de acesso \u00e0 rede de internet com franquias\u2026<\/a><\/p>\n\t\t\n<style>\n#text-447355282 {\n  font-size: 1.05rem;\n  line-height: 1.65;\n}\n<\/style>\n\t<\/div>\n\t\n\n\t\t<\/div>\n\t\t\t\t\t<\/div>\n\n\t\n\n\t<div id=\"col-1656811411\" class=\"col medium-4 small-12 large-4\"  >\n\t\t\t\t<div class=\"col-inner\"  >\n\t\t\t\n\t\t\t\n\n\t<div id=\"text-3725696149\" class=\"text\">\n\t\t\n\n<p><a href=\"https:\/\/easytem.com\/br\/telecom-vrm\/\"><img loading=\"lazy\" decoding=\"async\" class=\"alignnonewp-image-4982 aligncenter\" src=\"https:\/\/easytem.com\/br\/wp-content\/uploads\/2022\/07\/gerenciamento-fornecedores-711x400.jpg\" alt=\"\" width=\"360\" height=\"216\" \/><\/a><\/p>\n<p style=\"text-align: center;\"><a href=\"https:\/\/easytem.com\/br\/telecom-vrm\/\"><strong>Gerenciamento de Relacionamento com Fornecedores de Telecomunica\u00e7\u00f5es<\/strong><\/a><\/p>\n<p style=\"text-align: center;\"><a href=\"https:\/\/easytem.com\/br\/telecom-vrm\/\">Metade das rela\u00e7\u00f5es Cliente-Fornecedor de telecomunica\u00e7\u00f5es v\u00e3o por \u00e1gua abaixo. Por qu\u00ea? Porque os compradores\u2026<\/a><\/p>\n\t\t\n<style>\n#text-3725696149 {\n  font-size: 1.05rem;\n  line-height: 1.65;\n}\n<\/style>\n\t<\/div>\n\t\n\n\t\t<\/div>\n\t\t\t\t\t<\/div>\n\n\t\n\n<\/div>\n\n\t\t<\/div>\n\t\t\t\t\n<style>\n#col-238553817 > .col-inner {\n  padding: 0px 0px 0px 0px;\n}\n<\/style>\n\t<\/div>\n\n\t\n\n<\/div>\n\n\t\t<\/div>\n\n\t\t\n<style>\n#section_967518275 {\n  padding-top: 0px;\n  padding-bottom: 0px;\n}\n#section_967518275 .section-bg-overlay {\n  background-color: rgba(255, 255, 255, 0.85);\n}\n<\/style>\n\t<\/section>\n\t\n\n","protected":false},"excerpt":{"rendered":"","protected":false},"author":1,"featured_media":0,"parent":0,"menu_order":0,"comment_status":"closed","ping_status":"closed","template":"","meta":{"footnotes":""},"class_list":["post-5016","page","type-page","status-publish","hentry"],"_links":{"self":[{"href":"https:\/\/easytem.com\/br\/wp-json\/wp\/v2\/pages\/5016","targetHints":{"allow":["GET"]}}],"collection":[{"href":"https:\/\/easytem.com\/br\/wp-json\/wp\/v2\/pages"}],"about":[{"href":"https:\/\/easytem.com\/br\/wp-json\/wp\/v2\/types\/page"}],"author":[{"embeddable":true,"href":"https:\/\/easytem.com\/br\/wp-json\/wp\/v2\/users\/1"}],"replies":[{"embeddable":true,"href":"https:\/\/easytem.com\/br\/wp-json\/wp\/v2\/comments?post=5016"}],"version-history":[{"count":11,"href":"https:\/\/easytem.com\/br\/wp-json\/wp\/v2\/pages\/5016\/revisions"}],"predecessor-version":[{"id":5069,"href":"https:\/\/easytem.com\/br\/wp-json\/wp\/v2\/pages\/5016\/revisions\/5069"}],"wp:attachment":[{"href":"https:\/\/easytem.com\/br\/wp-json\/wp\/v2\/media?parent=5016"}],"curies":[{"name":"wp","href":"https:\/\/api.w.org\/{rel}","templated":true}]}}