{"id":4756,"date":"2022-07-19T16:22:46","date_gmt":"2022-07-19T19:22:46","guid":{"rendered":"https:\/\/easytem.com\/br\/?page_id=4756"},"modified":"2022-07-21T17:27:03","modified_gmt":"2022-07-21T20:27:03","slug":"telecom-vrm","status":"publish","type":"page","link":"https:\/\/easytem.com\/br\/telecom-vrm\/","title":{"rendered":"Telecom VRM"},"content":{"rendered":"\n\t<section class=\"section\" id=\"section_1292014315\">\n\t\t<div class=\"bg section-bg fill bg-fill  bg-loaded\" >\n\n\t\t\t\n\t\t\t<div class=\"section-bg-overlay absolute fill\"><\/div>\n\t\t\t\n\n\t\t<\/div>\n\n\t\t<div class=\"section-content relative\">\n\t\t\t\n\n<div class=\"row row-large align-center\"  id=\"row-1070451438\">\n\n\n\t<div id=\"col-1663853978\" class=\"col large-12\"  >\n\t\t\t\t<div class=\"col-inner text-center\"  >\n\t\t\t\n\t\t\t\n\n  <div id=\"page-header-1414291115\" class=\"page-header-wrapper\">\n  <div class=\"page-title light featured-title\">\n\n        <div class=\"page-title-bg\">\n      <div class=\"title-bg fill bg-fill\"\n        data-parallax-container=\".page-title\"\n        data-parallax-background\n        data-parallax=\"-\">\n      <\/div>\n      <div class=\"title-overlay fill\"><\/div>\n    <\/div>\n    \n    <div class=\"page-title-inner container align-center text-center flex-row-col medium-flex-wrap\" >\n              <div class=\"title-wrapper flex-col\">\n          <h1 class=\"entry-title mb-0\">\n            Gerenciamento de relacionamento com fornecedores de telecomunica\u00e7\u00f5es          <\/h1>\n        <\/div>\n                    <div class=\"title-content flex-col\">\n        <div class=\"title-breadcrumbs pb-half pt-half\"><nav class=\"woocommerce-breadcrumb breadcrumbs uppercase\">Home<\/nav><\/div>      <\/div>\n    <\/div>\n\n     \n<style>\n#page-header-1414291115 .title-overlay {\n  background-color: rgb(245, 242, 242);\n}\n#page-header-1414291115 .featured-title {\n  background-color: rgb(255, 255, 255);\n}\n<\/style>\n  <\/div>\n    <\/div>\n  \n\n\t<div id=\"gap-809513961\" class=\"gap-element clearfix\" style=\"display:block; height:auto;\">\n\t\t\n<style>\n#gap-809513961 {\n  padding-top: 30px;\n}\n<\/style>\n\t<\/div>\n\t\n\n\t<div id=\"text-287576115\" class=\"text\">\n\t\t\n\n<p style=\"text-align: justify;\">Metade das rela\u00e7\u00f5es Cliente-Fornecedor de telecomunica\u00e7\u00f5es v\u00e3o por \u00e1gua abaixo. Por qu\u00ea? Porque os compradores sofrem de um problema de gerenciamento de relacionamento com fornecedores fraco.<\/p>\n<p style=\"text-align: justify;\">Nem todos os fornecedores s\u00e3o iguais. Portanto, os relacionamentos com fornecedores nunca podem ser tratados com a mesma estrat\u00e9gia. Colocar exclusivamente a \u00eanfase na redu\u00e7\u00e3o de custos s\u00f3 far\u00e1 com que um processo de gerenciamento de relacionamento com o fornecedor bem planejado fracassa.<\/p>\n<p style=\"text-align: justify;\">Tudo, desde a situa\u00e7\u00e3o do comprador e fornecedor at\u00e9 a quantidade e frequ\u00eancia dos produtos e servi\u00e7os adquiridos, deve ser levado em considera\u00e7\u00e3o antes de elaborar uma estrat\u00e9gia de gerenciamento de relacionamento com o fornecedor.<\/p>\n<p style=\"text-align: justify;\">Para obter mais valor de seus relacionamentos com fornecedores, as corpora\u00e7\u00f5es precisam sair de suas pr\u00e1ticas tradicionais de gerenciamento de fornecedores para uma abordagem mais moderna e colaborativa.<\/p>\n<p style=\"text-align: justify;\">O gerenciamento de relacionamento com o fornecedor (VRM) est\u00e1 aprofundando os relacionamentos comprador-fornecedor para atingir uma meta mutuamente ben\u00e9fica e estabelecer confian\u00e7a. Um processo eficiente de gerenciamento de relacionamento com fornecedores pode fornecer v\u00e1rios benef\u00edcios importantes, desde incrementos de qualidade e custo total aprimorado at\u00e9 novas inova\u00e7\u00f5es e um fluxo de processos muito mais suave.<\/p>\n\t\t\n<style>\n#text-287576115 {\n  line-height: 1.5;\n}\n<\/style>\n\t<\/div>\n\t\n\t<div id=\"gap-912641413\" class=\"gap-element clearfix\" style=\"display:block; height:auto;\">\n\t\t\n<style>\n#gap-912641413 {\n  padding-top: 30px;\n}\n<\/style>\n\t<\/div>\n\t\n\n<p style=\"text-align: center;\"><span style=\"font-size: 105%;\"><strong><span style=\"color: #333333;\">EasyTEM utiliza 3 estrat\u00e9gias de relacionamento com fornecedores de sucesso. Estas estrat\u00e9gias exigem bastante planejamento e trabalho duro. S\u00e3o elas:<\/span><\/strong><\/span><\/p>\n\n\t\t<\/div>\n\t\t\t\t\n<style>\n#col-1663853978 > .col-inner {\n  padding: 0px 0px 0px 0px;\n}\n<\/style>\n\t<\/div>\n\n\t\n\n<\/div>\n\n\t\t<\/div>\n\n\t\t\n<style>\n#section_1292014315 {\n  padding-top: 0px;\n  padding-bottom: 0px;\n}\n#section_1292014315 .section-bg-overlay {\n  background-color: rgba(255, 255, 255, 0.85);\n}\n<\/style>\n\t<\/section>\n\t\n\t<section class=\"section\" id=\"section_520051627\">\n\t\t<div class=\"bg section-bg fill bg-fill  bg-loaded\" >\n\n\t\t\t\n\t\t\t<div class=\"section-bg-overlay absolute fill\"><\/div>\n\t\t\t\n\n\t\t<\/div>\n\n\t\t<div class=\"section-content relative\">\n\t\t\t\n\n<div class=\"row row-large align-center\"  id=\"row-1508377080\">\n\n\n\t<div id=\"col-528466031\" class=\"col large-12\"  >\n\t\t\t\t<div class=\"col-inner text-center\"  >\n\t\t\t\n\t\t\t\n\n<p>\u00a0<\/p>\n<p style=\"text-align: left;\"><span style=\"color: #3366ff;\"><strong><span style=\"font-size: 100%;\">1 . Comunica\u00e7\u00e3o com frequ\u00eancia<\/span><\/strong><\/span><\/p>\n<p style=\"text-align: justify;\">A m\u00e1 comunica\u00e7\u00e3o est\u00e1 no centro da maioria das falhas dos relacionamentos. A incapacidade de transmitir ou receber informa\u00e7\u00f5es importantes com os fornecedores pode acabar abalando as pr\u00f3prias bases do processo de gest\u00e3o de fornecedores.<\/p>\n<p style=\"text-align: justify;\">A comunica\u00e7\u00e3o entre nossos clientes e seus fornecedores s\u00e3o frequentes para transmitir os requisitos de forma eficaz e obter uma melhor compreens\u00e3o das capacidades dos fornecedores.<\/p>\n\n\t\t<\/div>\n\t\t\t\t\n<style>\n#col-528466031 > .col-inner {\n  padding: 0px 0px 0px 0px;\n}\n<\/style>\n\t<\/div>\n\n\t\n\n<\/div>\n\n\t\t<\/div>\n\n\t\t\n<style>\n#section_520051627 {\n  padding-top: 0px;\n  padding-bottom: 0px;\n  background-color: rgb(188, 188, 188);\n}\n#section_520051627 .section-bg-overlay {\n  background-color: rgba(255, 255, 255, 0.85);\n}\n<\/style>\n\t<\/section>\n\t\n\t<div id=\"gap-950351234\" class=\"gap-element clearfix\" style=\"display:block; height:auto;\">\n\t\t\n<style>\n#gap-950351234 {\n  padding-top: 30px;\n}\n<\/style>\n\t<\/div>\n\t\n\n\t<section class=\"section\" id=\"section_1280787559\">\n\t\t<div class=\"bg section-bg fill bg-fill  bg-loaded\" >\n\n\t\t\t\n\t\t\t<div class=\"section-bg-overlay absolute fill\"><\/div>\n\t\t\t\n\n\t\t<\/div>\n\n\t\t<div class=\"section-content relative\">\n\t\t\t\n\n<div class=\"row row-large align-center\"  id=\"row-2115743466\">\n\n\n\t<div id=\"col-1700999849\" class=\"col large-12\"  >\n\t\t\t\t<div class=\"col-inner text-center\"  >\n\t\t\t\n\t\t\t\n\n<p>\u00a0<\/p>\n<p style=\"text-align: left;\"><span style=\"color: #3366ff;\"><strong><span style=\"font-size: 100%;\">2 . Construir parcerias<\/span><\/strong><\/span><\/p>\n<p style=\"text-align: justify;\">Nossa pol\u00edtica \u00e9 sair de um relacionamento transacional para um modelo estrat\u00e9gico de relacionamento fornecedor-comprador. A primeira etapa do processo \u00e9 tratar seus fornecedores como parceiros valiosos.<\/p>\n<p style=\"text-align: justify;\">Em vez de apenas monitorar os KPIs (indicadores de performance) predefinidos com os fornecedores, envolvemos-os nas principais decis\u00f5es estrat\u00e9gicas.<\/p>\n<p style=\"text-align: justify;\">Isso n\u00e3o apenas permitir\u00e1 o aproveitamento da experi\u00eancia deles, mas tamb\u00e9m oferece outros benef\u00edcios, como maior confian\u00e7a, tratamento preferencial e muito mais.<\/p>\n\n\t\t<\/div>\n\t\t\t\t\n<style>\n#col-1700999849 > .col-inner {\n  padding: 0px 0px 0px 0px;\n}\n<\/style>\n\t<\/div>\n\n\t\n\n<\/div>\n\n\t\t<\/div>\n\n\t\t\n<style>\n#section_1280787559 {\n  padding-top: 0px;\n  padding-bottom: 0px;\n  background-color: rgb(188, 188, 188);\n}\n#section_1280787559 .section-bg-overlay {\n  background-color: rgba(255, 255, 255, 0.85);\n}\n<\/style>\n\t<\/section>\n\t\n\t<div id=\"gap-2112906618\" class=\"gap-element clearfix\" style=\"display:block; height:auto;\">\n\t\t\n<style>\n#gap-2112906618 {\n  padding-top: 30px;\n}\n<\/style>\n\t<\/div>\n\t\n\n\t<section class=\"section\" id=\"section_573725219\">\n\t\t<div class=\"bg section-bg fill bg-fill  bg-loaded\" >\n\n\t\t\t\n\t\t\t<div class=\"section-bg-overlay absolute fill\"><\/div>\n\t\t\t\n\n\t\t<\/div>\n\n\t\t<div class=\"section-content relative\">\n\t\t\t\n\n<div class=\"row row-large align-center\"  id=\"row-226302600\">\n\n\n\t<div id=\"col-560721143\" class=\"col large-12\"  >\n\t\t\t\t<div class=\"col-inner text-center\"  >\n\t\t\t\n\t\t\t\n\n<p>\u00a0<\/p>\n<p style=\"text-align: justify;\"><span style=\"color: #3366ff;\"><strong><span style=\"font-size: 100%;\">3 . Situa\u00e7\u00e3o ganha-ganha<\/span><\/strong><\/span><\/p>\n<p style=\"text-align: justify;\">Correr atr\u00e1s de economias de custos de curto prazo custar\u00e1 mais a longo prazo e causar\u00e1 um impacto substancial na qualidade. Portanto, em vez de \u201capertar\u201d os fornecedores exclusivamente para reduzir os custos, reservamos um tempo para estudar e entender o neg\u00f3cio do fornecedor de nosso cliente.<\/p>\n<p style=\"text-align: justify;\">As negocia\u00e7\u00f5es gerenciadas pela EasyTEM baseiam-se na boa f\u00e9 e no valor, em vez de recorrer a t\u00e1ticas de for\u00e7a. Os objetivos da parceria s\u00e3o estruturados de forma a oferecer oportunidades iguais de rentabilidade e fortalecer ambos os neg\u00f3cios.<\/p>\n\n\t\t<\/div>\n\t\t\t\t\n<style>\n#col-560721143 > .col-inner {\n  padding: 0px 0px 0px 0px;\n}\n<\/style>\n\t<\/div>\n\n\t\n\n<\/div>\n\n\t\t<\/div>\n\n\t\t\n<style>\n#section_573725219 {\n  padding-top: 0px;\n  padding-bottom: 0px;\n  background-color: rgb(188, 188, 188);\n}\n#section_573725219 .section-bg-overlay {\n  background-color: rgba(255, 255, 255, 0.85);\n}\n<\/style>\n\t<\/section>\n\t\n\n","protected":false},"excerpt":{"rendered":"","protected":false},"author":1,"featured_media":0,"parent":0,"menu_order":0,"comment_status":"closed","ping_status":"closed","template":"","meta":{"footnotes":""},"class_list":["post-4756","page","type-page","status-publish","hentry"],"_links":{"self":[{"href":"https:\/\/easytem.com\/br\/wp-json\/wp\/v2\/pages\/4756","targetHints":{"allow":["GET"]}}],"collection":[{"href":"https:\/\/easytem.com\/br\/wp-json\/wp\/v2\/pages"}],"about":[{"href":"https:\/\/easytem.com\/br\/wp-json\/wp\/v2\/types\/page"}],"author":[{"embeddable":true,"href":"https:\/\/easytem.com\/br\/wp-json\/wp\/v2\/users\/1"}],"replies":[{"embeddable":true,"href":"https:\/\/easytem.com\/br\/wp-json\/wp\/v2\/comments?post=4756"}],"version-history":[{"count":12,"href":"https:\/\/easytem.com\/br\/wp-json\/wp\/v2\/pages\/4756\/revisions"}],"predecessor-version":[{"id":4903,"href":"https:\/\/easytem.com\/br\/wp-json\/wp\/v2\/pages\/4756\/revisions\/4903"}],"wp:attachment":[{"href":"https:\/\/easytem.com\/br\/wp-json\/wp\/v2\/media?parent=4756"}],"curies":[{"name":"wp","href":"https:\/\/api.w.org\/{rel}","templated":true}]}}