{"id":4567,"date":"2022-07-13T15:13:08","date_gmt":"2022-07-13T18:13:08","guid":{"rendered":"https:\/\/easytem.com\/br\/?page_id=4567"},"modified":"2022-07-19T16:20:04","modified_gmt":"2022-07-19T19:20:04","slug":"clientes","status":"publish","type":"page","link":"https:\/\/easytem.com\/br\/clientes\/","title":{"rendered":"Clientes"},"content":{"rendered":"\n\t<section class=\"section\" id=\"section_311508635\">\n\t\t<div class=\"bg section-bg fill bg-fill  bg-loaded\" >\n\n\t\t\t\n\t\t\t<div class=\"section-bg-overlay absolute fill\"><\/div>\n\t\t\t\n\n\t\t<\/div>\n\n\t\t<div class=\"section-content relative\">\n\t\t\t\n\n<div class=\"row row-large align-center\"  id=\"row-967973028\">\n\n\n\t<div id=\"col-1957426166\" class=\"col large-12\"  >\n\t\t\t\t<div class=\"col-inner text-center\"  >\n\t\t\t\n\t\t\t\n\n  <div id=\"page-header-1021210291\" class=\"page-header-wrapper\">\n  <div class=\"page-title light featured-title\">\n\n        <div class=\"page-title-bg\">\n      <div class=\"title-bg fill bg-fill\"\n        data-parallax-container=\".page-title\"\n        data-parallax-background\n        data-parallax=\"-\">\n      <\/div>\n      <div class=\"title-overlay fill\"><\/div>\n    <\/div>\n    \n    <div class=\"page-title-inner container align-center text-center flex-row-col medium-flex-wrap\" >\n              <div class=\"title-wrapper flex-col\">\n          <h1 class=\"entry-title mb-0\">\n            CASES DE SUCESSO          <\/h1>\n        <\/div>\n                    <div class=\"title-content flex-col\">\n        <div class=\"title-breadcrumbs pb-half pt-half\"><nav class=\"woocommerce-breadcrumb breadcrumbs uppercase\">Home<\/nav><\/div>      <\/div>\n    <\/div>\n\n     \n<style>\n#page-header-1021210291 .title-overlay {\n  background-color: rgb(245, 242, 242);\n}\n#page-header-1021210291 .featured-title {\n  background-color: rgb(255, 255, 255);\n}\n<\/style>\n  <\/div>\n    <\/div>\n  \n\n\t<div id=\"gap-1028099647\" class=\"gap-element clearfix\" style=\"display:block; height:auto;\">\n\t\t\n<style>\n#gap-1028099647 {\n  padding-top: 30px;\n}\n<\/style>\n\t<\/div>\n\t\n\n<div class=\"row\"  id=\"row-2009764212\">\n\n\n\t<div id=\"col-254606266\" class=\"col medium-6 small-12 large-6\"  >\n\t\t\t\t<div class=\"col-inner\"  >\n\t\t\t\n\t\t\t\n\n<p><img loading=\"lazy\" decoding=\"async\" class=\"alignnone size-full wp-image-4681 aligncenter\" src=\"https:\/\/easytem.com\/br\/wp-content\/uploads\/2022\/07\/profarma.png\" alt=\"\" width=\"313\" height=\"163\" srcset=\"https:\/\/easytem.com\/br\/wp-content\/uploads\/2022\/07\/profarma.png 313w, https:\/\/easytem.com\/br\/wp-content\/uploads\/2022\/07\/profarma-200x104.png 200w\" sizes=\"auto, (max-width: 313px) 100vw, 313px\" \/><\/p>\n<p style=\"text-align: center;\"><span style=\"font-size: 130%;\"><strong><span style=\"color: #3366ff;\">Profarma<\/span><\/strong><\/span><\/p>\n<p style=\"text-align: center;\"><span style=\"font-family: arial, helvetica, sans-serif;\">Gest\u00e3o de invent\u00e1rio e processo de Benchmark respons\u00e1vel em economia superior a 60% dos custos dos circuitos de voz.<\/span><\/p>\n\n\t\t<\/div>\n\t\t\t\t\t<\/div>\n\n\t\n\n\t<div id=\"col-2137036742\" class=\"col medium-6 small-12 large-6\"  >\n\t\t\t\t<div class=\"col-inner\"  >\n\t\t\t\n\t\t\t\n\n<p><img loading=\"lazy\" decoding=\"async\" class=\"size-full wp-image-4685 aligncenter\" src=\"https:\/\/easytem.com\/br\/wp-content\/uploads\/2022\/07\/bombril.png\" alt=\"\" width=\"304\" height=\"167\" srcset=\"https:\/\/easytem.com\/br\/wp-content\/uploads\/2022\/07\/bombril.png 304w, https:\/\/easytem.com\/br\/wp-content\/uploads\/2022\/07\/bombril-200x110.png 200w\" sizes=\"auto, (max-width: 304px) 100vw, 304px\" \/><\/p>\n<p style=\"text-align: center;\"><span style=\"font-size: 130%;\"><strong><span style=\"color: #3366ff;\">Bombril<\/span><\/strong><\/span><\/p>\n<p style=\"text-align: center;\">Resolu\u00e7\u00e3o de contesta\u00e7\u00f5es anteriores com recupera\u00e7\u00e3o superior a 1 milh\u00e3o de reais e negocia\u00e7\u00f5es que resultaram na redu\u00e7\u00e3o de 63% nos custos mensais e instala\u00e7\u00e3o de antena dedicada no CD Anchieta \u2013 SP.<\/p>\n\n\t\t<\/div>\n\t\t\t\t\t<\/div>\n\n\t\n\n<\/div>\n<div class=\"row\"  id=\"row-1527116502\">\n\n\n\t<div id=\"col-362505511\" class=\"col medium-6 small-12 large-6\"  >\n\t\t\t\t<div class=\"col-inner\"  >\n\t\t\t\n\t\t\t\n\n<p><img loading=\"lazy\" decoding=\"async\" class=\"alignnone size-full wp-image-4689 aligncenter\" src=\"https:\/\/easytem.com\/br\/wp-content\/uploads\/2022\/07\/martinbrower.png\" alt=\"\" width=\"312\" height=\"111\" srcset=\"https:\/\/easytem.com\/br\/wp-content\/uploads\/2022\/07\/martinbrower.png 312w, https:\/\/easytem.com\/br\/wp-content\/uploads\/2022\/07\/martinbrower-200x71.png 200w\" sizes=\"auto, (max-width: 312px) 100vw, 312px\" \/><\/p>\n<p style=\"text-align: center;\"><span style=\"color: #3366ff; font-size: 130%;\"><strong>Martinbrower \u2013 Reyes Group<\/strong><\/span><\/p>\n<p style=\"text-align: center;\">Redu\u00e7\u00e3o de custo de telecomunica\u00e7\u00f5es em aproximadamente 40% e aloca\u00e7\u00e3o de m\u00e3o de obra para gest\u00e3o de pagamento de faturas de telecomunica\u00e7\u00f5es. Implementa\u00e7\u00e3o de projeto OMNICHANNEL para atendimento de clientes e comunica\u00e7\u00e3o da corpora\u00e7\u00e3o.<\/p>\n\n\t\t<\/div>\n\t\t\t\t\t<\/div>\n\n\t\n\n\t<div id=\"col-1575623000\" class=\"col medium-6 small-12 large-6\"  >\n\t\t\t\t<div class=\"col-inner\"  >\n\t\t\t\n\t\t\t\n\n<p><img loading=\"lazy\" decoding=\"async\" class=\"alignnone  wp-image-4692 aligncenter\" src=\"https:\/\/easytem.com\/br\/wp-content\/uploads\/2022\/07\/ulhoa.png\" alt=\"\" width=\"137\" height=\"180\" srcset=\"https:\/\/easytem.com\/br\/wp-content\/uploads\/2022\/07\/ulhoa.png 297w, https:\/\/easytem.com\/br\/wp-content\/uploads\/2022\/07\/ulhoa-200x263.png 200w\" sizes=\"auto, (max-width: 137px) 100vw, 137px\" \/><\/p>\n<p style=\"text-align: center;\"><strong><span style=\"color: #3366ff; font-size: 130%;\">Ulhoa Canto Resende e Guerra Advogados<\/span><\/strong><\/p>\n<p style=\"text-align: center;\">Auditoria retroativa que resultou na recupera\u00e7\u00e3o de cobran\u00e7as indevidas, redu\u00e7\u00e3o de custo mensal e renova\u00e7\u00e3o de todo sistema de telefonia.<\/p>\n\n\t\t<\/div>\n\t\t\t\t\t<\/div>\n\n\t\n\n<\/div>\n<div class=\"row\"  id=\"row-1704843847\">\n\n\n\t<div id=\"col-821722949\" class=\"col medium-6 small-12 large-6\"  >\n\t\t\t\t<div class=\"col-inner\"  >\n\t\t\t\n\t\t\t\n\n<p><img loading=\"lazy\" decoding=\"async\" class=\"alignnone size-full wp-image-4700 aligncenter\" src=\"https:\/\/easytem.com\/br\/wp-content\/uploads\/2022\/07\/queiroz-galvao.png\" alt=\"\" width=\"276\" height=\"185\" srcset=\"https:\/\/easytem.com\/br\/wp-content\/uploads\/2022\/07\/queiroz-galvao.png 276w, https:\/\/easytem.com\/br\/wp-content\/uploads\/2022\/07\/queiroz-galvao-200x134.png 200w\" sizes=\"auto, (max-width: 276px) 100vw, 276px\" \/><\/p>\n<p style=\"text-align: center;\"><span style=\"font-size: 130%;\"><strong><span style=\"color: #3366ff;\">Queiroz Galv\u00e3o<\/span><\/strong><\/span><\/p>\n<p style=\"text-align: center;\">Gest\u00e3o de uso com rateio mensal das faturas de consumo de todas as empresas do grupo.<\/p>\n\n\t\t<\/div>\n\t\t\t\t\t<\/div>\n\n\t\n\n\t<div id=\"col-387190820\" class=\"col medium-6 small-12 large-6\"  >\n\t\t\t\t<div class=\"col-inner\"  >\n\t\t\t\n\t\t\t\n\n<p><img loading=\"lazy\" decoding=\"async\" class=\"alignnone size-full wp-image-4703 aligncenter\" src=\"https:\/\/easytem.com\/br\/wp-content\/uploads\/2022\/07\/safran.png\" alt=\"\" width=\"276\" height=\"185\" srcset=\"https:\/\/easytem.com\/br\/wp-content\/uploads\/2022\/07\/safran.png 276w, https:\/\/easytem.com\/br\/wp-content\/uploads\/2022\/07\/safran-200x134.png 200w\" sizes=\"auto, (max-width: 276px) 100vw, 276px\" \/><\/p>\n<p style=\"text-align: center;\"><span style=\"color: #3366ff; font-size: 130%;\"><strong>Turbomeca \u2013 Safran Group<\/strong><\/span><\/p>\n<p style=\"text-align: center;\">Gest\u00e3o de contratos e tarifas, gest\u00e3o de trouble tickets administrativos e t\u00e9cnicos.<\/p>\n\n\t\t<\/div>\n\t\t\t\t\t<\/div>\n\n\t\n\n<\/div>\n<div class=\"row\"  id=\"row-1112494212\">\n\n\n\t<div id=\"col-436360992\" class=\"col medium-6 small-12 large-6\"  >\n\t\t\t\t<div class=\"col-inner\"  >\n\t\t\t\n\t\t\t\n\n<p><img loading=\"lazy\" decoding=\"async\" class=\"alignnone  wp-image-4708 aligncenter\" src=\"https:\/\/easytem.com\/br\/wp-content\/uploads\/2022\/07\/walmart-604x400.png\" alt=\"\" width=\"288\" height=\"191\" srcset=\"https:\/\/easytem.com\/br\/wp-content\/uploads\/2022\/07\/walmart-604x400.png 604w, https:\/\/easytem.com\/br\/wp-content\/uploads\/2022\/07\/walmart-200x132.png 200w, https:\/\/easytem.com\/br\/wp-content\/uploads\/2022\/07\/walmart.png 624w\" sizes=\"auto, (max-width: 288px) 100vw, 288px\" \/><\/p>\n<p style=\"text-align: center;\"><span style=\"font-size: 130%;\"><strong><span style=\"color: #3366ff;\">Walmart<\/span><\/strong><\/span><\/p>\n<p style=\"text-align: center;\">Auditoria retroativa que apontou montantes superiores a 40 milh\u00f5es de reais reconhecidos pelas operadoras. Este cliente possu\u00eda auditoria mensal que apontava diverg\u00eancias parciais e sem reconhecimento das operadoras.<\/p>\n\n\t\t<\/div>\n\t\t\t\t\t<\/div>\n\n\t\n\n\t<div id=\"col-1045129802\" class=\"col medium-6 small-12 large-6\"  >\n\t\t\t\t<div class=\"col-inner\"  >\n\t\t\t\n\t\t\t\n\n<p>\u00a0<\/p>\n<p><img loading=\"lazy\" decoding=\"async\" class=\"alignnone  wp-image-4712 aligncenter\" src=\"https:\/\/easytem.com\/br\/wp-content\/uploads\/2022\/07\/anhembi-morumbi.png\" alt=\"\" width=\"414\" height=\"96\" srcset=\"https:\/\/easytem.com\/br\/wp-content\/uploads\/2022\/07\/anhembi-morumbi.png 487w, https:\/\/easytem.com\/br\/wp-content\/uploads\/2022\/07\/anhembi-morumbi-200x46.png 200w\" sizes=\"auto, (max-width: 414px) 100vw, 414px\" \/><\/p>\n<p style=\"text-align: center;\"><span style=\"font-size: 130%;\"><strong><span style=\"color: #3366ff;\">Anhembi Morumbi \u2013 Laureat<\/span><\/strong><\/span><\/p>\n<p style=\"text-align: center;\">Redesenho de todo o sistema de atendimento para solucionar problema de chamadas perdidas dos alunos.<\/p>\n\n\t\t<\/div>\n\t\t\t\t\t<\/div>\n\n\t\n\n<\/div>\n<div class=\"row\"  id=\"row-1806009811\">\n\n\n\t<div id=\"col-864543654\" class=\"col medium-6 small-12 large-6\"  >\n\t\t\t\t<div class=\"col-inner\"  >\n\t\t\t\n\t\t\t\n\n<p><img loading=\"lazy\" decoding=\"async\" class=\"alignnone  wp-image-4715 aligncenter\" src=\"https:\/\/easytem.com\/br\/wp-content\/uploads\/2022\/07\/mozaic.png\" alt=\"\" width=\"318\" height=\"167\" srcset=\"https:\/\/easytem.com\/br\/wp-content\/uploads\/2022\/07\/mozaic.png 624w, https:\/\/easytem.com\/br\/wp-content\/uploads\/2022\/07\/mozaic-200x105.png 200w\" sizes=\"auto, (max-width: 318px) 100vw, 318px\" \/><\/p>\n<p style=\"text-align: center;\"><span style=\"font-size: 130%;\"><strong><span style=\"color: #3366ff;\">Mosaic \u2013 Vale do Rio Doce Fertilizantes<\/span><\/strong><\/span><\/p>\n<p style=\"text-align: center;\">Gest\u00e3o de contratos e tarifas que resultou em economia superior a 50% nos custos mensais. Aloca\u00e7\u00e3o de m\u00e3o de obra no site de Uberl\u00e2ndia para gest\u00e3o de faturas de telecomunica\u00e7\u00f5es.<\/p>\n\n\t\t<\/div>\n\t\t\t\t\t<\/div>\n\n\t\n\n\t<div id=\"col-2049296196\" class=\"col medium-6 small-12 large-6\"  >\n\t\t\t\t<div class=\"col-inner\"  >\n\t\t\t\n\t\t\t\n\n<p><img loading=\"lazy\" decoding=\"async\" class=\"alignnone size-full wp-image-4718 aligncenter\" src=\"https:\/\/easytem.com\/br\/wp-content\/uploads\/2022\/07\/copagaz.png\" alt=\"\" width=\"275\" height=\"183\" srcset=\"https:\/\/easytem.com\/br\/wp-content\/uploads\/2022\/07\/copagaz.png 275w, https:\/\/easytem.com\/br\/wp-content\/uploads\/2022\/07\/copagaz-200x133.png 200w\" sizes=\"auto, (max-width: 275px) 100vw, 275px\" \/><\/p>\n<p style=\"text-align: center;\"><span style=\"font-size: 130%;\"><strong><span style=\"color: #3366ff;\">Copagaz<\/span><\/strong><\/span><\/p>\n<p style=\"text-align: center;\">Processo de Benchmark envolvendo o sistema de telefonia m\u00f3vel a n\u00edvel nacional.<\/p>\n\n\t\t<\/div>\n\t\t\t\t\t<\/div>\n\n\t\n\n<\/div>\n<div class=\"row\"  id=\"row-1710345147\">\n\n\n\t<div id=\"col-376390347\" class=\"col medium-6 small-12 large-6\"  >\n\t\t\t\t<div class=\"col-inner\"  >\n\t\t\t\n\t\t\t\n\n<p><img loading=\"lazy\" decoding=\"async\" class=\"alignnone  wp-image-4722 aligncenter\" src=\"https:\/\/easytem.com\/br\/wp-content\/uploads\/2022\/07\/governo.png\" alt=\"\" width=\"251\" height=\"163\" srcset=\"https:\/\/easytem.com\/br\/wp-content\/uploads\/2022\/07\/governo.png 282w, https:\/\/easytem.com\/br\/wp-content\/uploads\/2022\/07\/governo-280x183.png 280w, https:\/\/easytem.com\/br\/wp-content\/uploads\/2022\/07\/governo-200x130.png 200w\" sizes=\"auto, (max-width: 251px) 100vw, 251px\" \/><\/p>\n<p style=\"text-align: center;\"><span style=\"font-size: 130%;\"><strong><span style=\"color: #3366ff;\">Governo do Estado de S\u00e3o Paulo \u2013 Casa Civil<\/span><\/strong><\/span><\/p>\n<p style=\"text-align: center;\">Auditoria retroativa e processo de Benchmark que resultou em economia superior a 63% nos custos mensais e moderniza\u00e7\u00e3o de todos os aparelhos de telefonia m\u00f3vel.<\/p>\n\n\t\t<\/div>\n\t\t\t\t\t<\/div>\n\n\t\n\n\t<div id=\"col-401989355\" class=\"col medium-6 small-12 large-6\"  >\n\t\t\t\t<div class=\"col-inner\"  >\n\t\t\t\n\t\t\t\n\n<p><img loading=\"lazy\" decoding=\"async\" class=\"alignnone  wp-image-4727 aligncenter\" src=\"https:\/\/easytem.com\/br\/wp-content\/uploads\/2022\/07\/hermes.png\" alt=\"\" width=\"116\" height=\"181\" srcset=\"https:\/\/easytem.com\/br\/wp-content\/uploads\/2022\/07\/hermes.png 229w, https:\/\/easytem.com\/br\/wp-content\/uploads\/2022\/07\/hermes-200x311.png 200w\" sizes=\"auto, (max-width: 116px) 100vw, 116px\" \/><\/p>\n<p style=\"text-align: center;\"><span style=\"font-size: 130%;\"><strong><span style=\"color: #3366ff;\">Grupo Hermes<\/span><\/strong><\/span><\/p>\n<p style=\"text-align: center;\">Nosso primeiro projeto corporativo. Resultou em recupera\u00e7\u00e3o de montantes cobrados indevidamente e redu\u00e7\u00e3o de 35% nos custos mensais.<\/p>\n\n\t\t<\/div>\n\t\t\t\t\t<\/div>\n\n\t\n\n<\/div>\n\n\t\t<\/div>\n\t\t\t\t\n<style>\n#col-1957426166 > .col-inner {\n  padding: 0px 0px 0px 0px;\n}\n<\/style>\n\t<\/div>\n\n\t\n\n<\/div>\n\n\t\t<\/div>\n\n\t\t\n<style>\n#section_311508635 {\n  padding-top: 0px;\n  padding-bottom: 0px;\n}\n#section_311508635 .section-bg-overlay {\n  background-color: rgba(255, 255, 255, 0.85);\n}\n<\/style>\n\t<\/section>\n\t\n\n","protected":false},"excerpt":{"rendered":"","protected":false},"author":1,"featured_media":0,"parent":0,"menu_order":0,"comment_status":"closed","ping_status":"closed","template":"","meta":{"footnotes":""},"class_list":["post-4567","page","type-page","status-publish","hentry"],"_links":{"self":[{"href":"https:\/\/easytem.com\/br\/wp-json\/wp\/v2\/pages\/4567","targetHints":{"allow":["GET"]}}],"collection":[{"href":"https:\/\/easytem.com\/br\/wp-json\/wp\/v2\/pages"}],"about":[{"href":"https:\/\/easytem.com\/br\/wp-json\/wp\/v2\/types\/page"}],"author":[{"embeddable":true,"href":"https:\/\/easytem.com\/br\/wp-json\/wp\/v2\/users\/1"}],"replies":[{"embeddable":true,"href":"https:\/\/easytem.com\/br\/wp-json\/wp\/v2\/comments?post=4567"}],"version-history":[{"count":46,"href":"https:\/\/easytem.com\/br\/wp-json\/wp\/v2\/pages\/4567\/revisions"}],"predecessor-version":[{"id":4755,"href":"https:\/\/easytem.com\/br\/wp-json\/wp\/v2\/pages\/4567\/revisions\/4755"}],"wp:attachment":[{"href":"https:\/\/easytem.com\/br\/wp-json\/wp\/v2\/media?parent=4567"}],"curies":[{"name":"wp","href":"https:\/\/api.w.org\/{rel}","templated":true}]}}