{"id":38,"date":"2016-04-04T10:53:41","date_gmt":"2016-04-04T10:53:41","guid":{"rendered":"http:\/\/flatsome.dev\/?page_id=7037"},"modified":"2024-11-06T20:59:03","modified_gmt":"2024-11-06T23:59:03","slug":"explore","status":"publish","type":"page","link":"https:\/\/easytem.com\/br\/","title":{"rendered":"Explore"},"content":{"rendered":"\n<div class=\"slider-wrapper relative\" id=\"slider-562042226\" style=\"background-color:rgb(255,255,255);\">\n    <div class=\"slider slider-nav-circle slider-nav-large slider-nav-light slider-style-normal\"\n        data-flickity-options='{\n            \"cellAlign\": \"center\",\n            \"imagesLoaded\": true,\n            \"lazyLoad\": 1,\n            \"freeScroll\": true,\n            \"wrapAround\": true,\n            \"autoPlay\": 4000,\n            \"pauseAutoPlayOnHover\" : false,\n            \"prevNextButtons\": true,\n            \"contain\" : true,\n            \"adaptiveHeight\" : true,\n            \"dragThreshold\" : 10,\n            \"percentPosition\": true,\n            \"pageDots\": false,\n            \"rightToLeft\": false,\n            \"draggable\": true,\n            \"selectedAttraction\": 0.1,\n            \"parallax\" : 0,\n            \"friction\": 0.6        }'\n        >\n        \n\n\n  <div class=\"banner has-hover popmake-4992\" id=\"banner-117369421\">\n          <div class=\"banner-inner fill\">\n        <div class=\"banner-bg fill\" >\n            <div class=\"bg fill bg-fill \"><\/div>\n                                    \n                    <\/div>\n        <div class=\"banner-layers container\">\n            <div class=\"fill banner-link\"><\/div>            \n\n   <div id=\"text-box-1988929259\" class=\"text-box banner-layer x80 md-x80 lg-x80 y90 md-y90 lg-y90 res-text\">\n                                <div class=\"text-box-content text dark\">\n              \n              <div class=\"text-inner text-center\">\n                  \n\n<a class=\"button primary\"  >\n  <i class=\"icon-play\" ><\/i>  <span>Assista o video<\/span>\n  <\/a>\n\n\n\n              <\/div>\n           <\/div>\n                            \n<style>\n#text-box-1988929259 {\n  width: 22%;\n}\n#text-box-1988929259 .text-box-content {\n  font-size: 86%;\n}\n<\/style>\n    <\/div>\n \n\n        <\/div>\n      <\/div>\n\n            \n<style>\n#banner-117369421 {\n  padding-top: 36%;\n}\n#banner-117369421 .bg.bg-loaded {\n  background-image: url(https:\/\/easytem.com\/br\/wp-content\/uploads\/2022\/07\/5G-Michele.jpeg);\n}\n<\/style>\n  <\/div>\n\n\n\n  <div class=\"banner has-hover\" id=\"banner-2008195363\">\n          <div class=\"banner-inner fill\">\n        <div class=\"banner-bg fill\" >\n            <div class=\"bg fill bg-fill \"><\/div>\n                        <div class=\"overlay\"><\/div>            \n                    <\/div>\n        <div class=\"banner-layers container\">\n            <div class=\"fill banner-link\"><\/div>            \n\n   <div id=\"text-box-797668878\" class=\"text-box banner-layer x90 md-x90 lg-x90 y50 md-y50 lg-y50 res-text\">\n                                <div class=\"text-box-content text \">\n              \n              <div class=\"text-inner text-right\">\n                  \n\n\t<div id=\"text-1245775703\" class=\"text\">\n\t\t\n\n<h1 class=\"uppercase\"><span style=\"font-size: 85%; color: #fcfcfc;\"><strong>TEM<\/strong><\/span><\/h1>\n<h5 class=\"uppercase\"><span style=\"font-family: tahoma, arial, helvetica, sans-serif; font-size: 120%; color: #fcfcfc;\"><strong>Telecom Expense Management<\/strong><\/span><\/h5>\n<p><span style=\"color: #fcfcfc;\">Gest\u00e3o de Invent\u00e1rio<\/span><\/p>\n<p><span style=\"color: #fcfcfc;\">Gest\u00e3o de Uso<\/span><\/p>\n<p><span style=\"color: #fcfcfc;\">Gest\u00e3o de Contratos e Tarifas<\/span><\/p>\n<p><span style=\"color: #fcfcfc;\">Gest\u00e3o de Faturas<\/span><\/p>\n<p><span style=\"color: #fcfcfc;\">Gest\u00e3o de Operadoras<\/span><\/p>\n<p><span style=\"color: #fcfcfc;\">Gest\u00e3o de Tickets T\u00e9cnicos e Administrativos<\/span><\/p>\n<p><span style=\"color: #fcfcfc;\">Gest\u00e3o de Consumo de Dados Em Aparelhos M\u00f3veis<\/span><\/p>\n\t\t\n<style>\n#text-1245775703 {\n  font-size: 0.75rem;\n  line-height: 0.85;\n  text-align: right;\n}\n<\/style>\n\t<\/div>\n\t\n\n              <\/div>\n           <\/div>\n                            \n<style>\n#text-box-797668878 {\n  width: 60%;\n}\n#text-box-797668878 .text-box-content {\n  font-size: 100%;\n}\n@media (min-width:550px) {\n  #text-box-797668878 {\n    width: 34%;\n  }\n}\n<\/style>\n    <\/div>\n \n\n        <\/div>\n      <\/div>\n\n            \n<style>\n#banner-2008195363 {\n  padding-top: 36%;\n  background-color: rgb(255, 255, 255);\n}\n#banner-2008195363 .bg.bg-loaded {\n  background-image: url(https:\/\/easytem.com\/br\/wp-content\/uploads\/2024\/11\/funcionalidades-1200x800.jpg);\n}\n#banner-2008195363 .overlay {\n  background-color: rgba(190, 190, 190, 0.2);\n}\n<\/style>\n  <\/div>\n\n\n\n  <div class=\"banner has-hover\" id=\"banner-1635050414\">\n          <div class=\"banner-inner fill\">\n        <div class=\"banner-bg fill\" >\n            <div class=\"bg fill bg-fill \"><\/div>\n                                    \n                    <\/div>\n        <div class=\"banner-layers container\">\n            <div class=\"fill banner-link\"><\/div>            \n\n\n        <\/div>\n      <\/div>\n\n            \n<style>\n#banner-1635050414 {\n  padding-top: 36%;\n}\n#banner-1635050414 .bg.bg-loaded {\n  background-image: url(https:\/\/easytem.com\/br\/wp-content\/uploads\/2024\/11\/banner-central_reduzido_v4.jpg);\n}\n<\/style>\n  <\/div>\n\n\n\n     <\/div>\n\n     <div class=\"loading-spin dark large centered\"><\/div>\n\n     \t<\/div>\n\n\n\t<div id=\"gap-830297693\" class=\"gap-element clearfix\" style=\"display:block; height:auto;\">\n\t\t\n<style>\n#gap-830297693 {\n  padding-top: 30px;\n}\n<\/style>\n\t<\/div>\n\t\n\n<h1 class=\"entry-title mb-0\" style=\"text-align: center;\"><span style=\"color: #147de8;\"><strong>Desde 1987 somos dedicados a Gest\u00e3o de Telecomunica\u00e7\u00f5es Corporativas<\/strong><\/span><\/h1>\n<div class=\"text-center\"><div class=\"is-divider divider clearfix\" style=\"margin-top:20px;margin-bottom:20px;max-width:99px;\"><\/div><\/div>\n\n<div class=\"row\"  id=\"row-1024900725\">\n\n\n\t<div id=\"col-2082951777\" class=\"col small-12 large-12\"  >\n\t\t\t\t<div class=\"col-inner\"  >\n\t\t\t\n\t\t\t\n\n<div class=\"row\"  id=\"row-551310472\">\n\n\n\t<div id=\"col-179178069\" class=\"col small-12 large-12\"  >\n\t\t\t\t<div class=\"col-inner\"  >\n\t\t\t\n\t\t\t\n\n\t<div class=\"img has-hover x md-x lg-x y md-y lg-y\" id=\"image_1259240439\">\n\t\t\t\t\t\t\t\t<div class=\"img-inner dark\" >\n\t\t\t<img loading=\"lazy\" decoding=\"async\" width=\"1020\" height=\"398\" src=\"https:\/\/easytem.com\/br\/wp-content\/uploads\/2022\/07\/nossas-conquistas5-arred.png\" class=\"attachment-large size-large\" alt=\"\" srcset=\"https:\/\/easytem.com\/br\/wp-content\/uploads\/2022\/07\/nossas-conquistas5-arred.png 1280w, https:\/\/easytem.com\/br\/wp-content\/uploads\/2022\/07\/nossas-conquistas5-arred-800x313.png 800w, https:\/\/easytem.com\/br\/wp-content\/uploads\/2022\/07\/nossas-conquistas5-arred-768x300.png 768w, https:\/\/easytem.com\/br\/wp-content\/uploads\/2022\/07\/nossas-conquistas5-arred-200x78.png 200w\" sizes=\"auto, (max-width: 1020px) 100vw, 1020px\" \/>\t\t\t\t\t\t\n\t\t\t\t\t<\/div>\n\t\t\t\t\t\t\t\t\n<style>\n#image_1259240439 {\n  width: 100%;\n}\n<\/style>\n\t<\/div>\n\t\n\n\n\t\t<\/div>\n\t\t\t\t\t<\/div>\n\n\t\n\n<\/div>\n\n\t\t<\/div>\n\t\t\t\t\t<\/div>\n\n\t\n\n<\/div>\n<h1 class=\"entry-title mb-0\" style=\"text-align: center;\"><span style=\"font-size: 85%; font-family: 'arial black', sans-serif;\"><span style=\"color: #147de8;\"><strong id=\"oq-fazemos\">O QUE FAZEMOS<\/strong><\/span><\/span><\/h1>\n<div class=\"text-center\"><div class=\"is-divider divider clearfix\" style=\"margin-top:20px;margin-bottom:20px;max-width:99px;\"><\/div><\/div>\n\n<div class=\"row\"  id=\"row-1557785132\">\n\n\n\t<div id=\"col-1380456538\" class=\"col medium-4 small-12 large-4\"  >\n\t\t\t\t<div class=\"col-inner\"  >\n\t\t\t\n\t\t\t\n\n\t<div id=\"text-2644573417\" class=\"text\">\n\t\t\n\n<p><a href=\"https:\/\/easytem.com\/br\/servicos\/\"><img loading=\"lazy\" decoding=\"async\" class=\"wp-image-4977 aligncenter\" src=\"https:\/\/easytem.com\/br\/wp-content\/uploads\/2022\/07\/gestao-telecom-711x400.jpg\" alt=\"\" width=\"360\" height=\"216\" \/><\/a><\/p>\n<p style=\"text-align: center;\"><span style=\"font-size: 110%;\"><a href=\"https:\/\/easytem.com\/br\/servicos\/\"><span style=\"color: #333333;\"><strong>Gest\u00e3o de Telecomunica\u00e7\u00f5es Corporativas<\/strong><\/span><\/a><\/span><\/p>\n<p style=\"text-align: center;\"><a href=\"https:\/\/easytem.com\/br\/servicos\/\">Somos focados em Gest\u00e3o de Telecomunica\u00e7\u00f5es Corporativas. Cuidamos do A ao Z de todos os itens que&#8230;<\/a><\/p>\n\t\t\n<style>\n#text-2644573417 {\n  font-size: 1.05rem;\n  line-height: 1.65;\n}\n<\/style>\n\t<\/div>\n\t\n\n\t\t<\/div>\n\t\t\t\t\t<\/div>\n\n\t\n\n\t<div id=\"col-1910170885\" class=\"col medium-4 small-12 large-4\"  >\n\t\t\t\t<div class=\"col-inner\"  >\n\t\t\t\n\t\t\t\n\n\t<div id=\"text-3209055733\" class=\"text\">\n\t\t\n\n<p><a href=\"https:\/\/easytem.com\/br\/gestao-de-dados-em-celulares\/\"><img loading=\"lazy\" decoding=\"async\" class=\"alignnonewp-image-4980 aligncenter\" src=\"https:\/\/easytem.com\/br\/wp-content\/uploads\/2022\/07\/monitoramento-consumo-celular-711x400.jpg\" alt=\"\" width=\"360\" height=\"216\"><\/a><\/p>\n<p style=\"text-align: center;\"><span style=\"font-size: 110%;\"><a href=\"https:\/\/easytem.com\/br\/gestao-de-dados-em-celulares\/\"><span style=\"color: #333333;\"><strong>Monitoramento de Consumo de Dados em Celulares<\/strong><\/span><\/a><\/span><\/p>\n<p style=\"text-align: center;\"><a href=\"https:\/\/easytem.com\/br\/gestao-de-dados-em-celulares\/\">Corpora\u00e7\u00f5es que possuem planos celulares corporativos contratam, geralmente, planos de acesso \u00e0 rede de internet com franquias&#8230;<\/a><\/p>\n\t\t\n<style>\n#text-3209055733 {\n  font-size: 1.05rem;\n  line-height: 1.65;\n}\n<\/style>\n\t<\/div>\n\t\n\n\t\t<\/div>\n\t\t\t\t\t<\/div>\n\n\t\n\n\t<div id=\"col-1257244495\" class=\"col medium-4 small-12 large-4\"  >\n\t\t\t\t<div class=\"col-inner\"  >\n\t\t\t\n\t\t\t\n\n\t<div id=\"text-3425974659\" class=\"text\">\n\t\t\n\n<p><a href=\"https:\/\/easytem.com\/br\/telecom-vrm\/\"><img loading=\"lazy\" decoding=\"async\" class=\"alignnonewp-image-4982 aligncenter\" src=\"https:\/\/easytem.com\/br\/wp-content\/uploads\/2022\/07\/gerenciamento-fornecedores-711x400.jpg\" alt=\"\" width=\"360\" height=\"216\"><\/a><\/p>\n<p style=\"text-align: center;\"><span style=\"font-size: 110%;\"><a href=\"https:\/\/easytem.com\/br\/telecom-vrm\/\"><span style=\"color: #333333;\"><strong>Gerenciamento de Relacionamento com Fornecedores de Telecomunica\u00e7\u00f5es<\/strong><\/span><\/a><\/span><\/p>\n<p style=\"text-align: center;\"><a href=\"https:\/\/easytem.com\/br\/telecom-vrm\/\">Metade das rela\u00e7\u00f5es Cliente-Fornecedor de telecomunica\u00e7\u00f5es v\u00e3o por \u00e1gua abaixo. Por qu\u00ea? Porque os compradores&#8230;<\/a><\/p>\n\t\t\n<style>\n#text-3425974659 {\n  font-size: 1.05rem;\n  line-height: 1.65;\n}\n<\/style>\n\t<\/div>\n\t\n\n\t\t<\/div>\n\t\t\t\t\t<\/div>\n\n\t\n\n<\/div>\n\t<div id=\"gap-1172715918\" class=\"gap-element clearfix\" style=\"display:block; height:auto;\">\n\t\t\n<style>\n#gap-1172715918 {\n  padding-top: 30px;\n}\n<\/style>\n\t<\/div>\n\t\n\n<h2 style=\"text-align: center;\"><span style=\"font-size: 85%; font-family: 'arial black', sans-serif;\"><span style=\"color: #147de8;\"><strong>CASES DE SUCESSO<\/strong><\/span><\/span><\/h2>\n<div class=\"text-center\"><div class=\"is-divider divider clearfix\" style=\"max-width:99px;\"><\/div><\/div>\n\n<div class=\"slider-wrapper relative\" id=\"slider-394203790\" >\n    <div class=\"slider slider-nav-circle slider-nav-large slider-nav-light slider-style-normal\"\n        data-flickity-options='{\n            \"cellAlign\": \"center\",\n            \"imagesLoaded\": true,\n            \"lazyLoad\": 1,\n            \"freeScroll\": false,\n            \"wrapAround\": true,\n            \"autoPlay\": 4000,\n            \"pauseAutoPlayOnHover\" : true,\n            \"prevNextButtons\": false,\n            \"contain\" : true,\n            \"adaptiveHeight\" : true,\n            \"dragThreshold\" : 10,\n            \"percentPosition\": true,\n            \"pageDots\": false,\n            \"rightToLeft\": false,\n            \"draggable\": true,\n            \"selectedAttraction\": 0.1,\n            \"parallax\" : 0,\n            \"friction\": 0.6        }'\n        >\n        \n\n<div class=\"ux-logo has-hover align-middle ux_logo inline-block\" style=\"max-width: 100%!important; width: 201.9298245614px!important\"><div class=\"ux-logo-link block image-\" title=\"\"  href=\"\" style=\"padding: 15px;\"><img decoding=\"async\" src=\"https:\/\/easytem.com\/br\/wp-content\/uploads\/2022\/07\/1_novo_profarma.png\" title=\"\" alt=\"\" class=\"ux-logo-image block\" style=\"height:100px;\" \/><\/div><\/div>\n\n<div class=\"ux-logo has-hover align-middle ux_logo inline-block\" style=\"max-width: 100%!important; width: 201.9298245614px!important\"><div class=\"ux-logo-link block image-\" title=\"\"  href=\"\" style=\"padding: 15px;\"><img decoding=\"async\" src=\"https:\/\/easytem.com\/br\/wp-content\/uploads\/2022\/07\/1_novo_ulhoa.png\" title=\"\" alt=\"\" class=\"ux-logo-image block\" style=\"height:100px;\" \/><\/div><\/div>\n\n<div class=\"ux-logo has-hover align-middle ux_logo inline-block\" style=\"max-width: 100%!important; width: 201.9298245614px!important\"><div class=\"ux-logo-link block image-\" title=\"\"  href=\"\" style=\"padding: 15px;\"><img decoding=\"async\" src=\"https:\/\/easytem.com\/br\/wp-content\/uploads\/2022\/07\/1_novo_governo.png\" title=\"\" alt=\"\" class=\"ux-logo-image block\" style=\"height:100px;\" \/><\/div><\/div>\n\n<div class=\"ux-logo has-hover align-middle ux_logo inline-block\" style=\"max-width: 100%!important; width: 201.9298245614px!important\"><div class=\"ux-logo-link block image-\" title=\"\"  href=\"\" style=\"padding: 15px;\"><img decoding=\"async\" src=\"https:\/\/easytem.com\/br\/wp-content\/uploads\/2022\/07\/1_novo_bombril.png\" title=\"\" alt=\"\" class=\"ux-logo-image block\" style=\"height:100px;\" \/><\/div><\/div>\n\n<div class=\"ux-logo has-hover align-middle ux_logo inline-block\" style=\"max-width: 100%!important; width: 201.9298245614px!important\"><div class=\"ux-logo-link block image-\" title=\"\"  href=\"\" style=\"padding: 15px;\"><img decoding=\"async\" src=\"https:\/\/easytem.com\/br\/wp-content\/uploads\/2022\/07\/1_novo_anhembi.png\" title=\"\" alt=\"\" class=\"ux-logo-image block\" style=\"height:100px;\" \/><\/div><\/div>\n\n<div class=\"ux-logo has-hover align-middle ux_logo inline-block\" style=\"max-width: 100%!important; width: 201.9298245614px!important\"><div class=\"ux-logo-link block image-\" title=\"\"  href=\"\" style=\"padding: 15px;\"><img decoding=\"async\" src=\"https:\/\/easytem.com\/br\/wp-content\/uploads\/2022\/07\/1_novo_mosaic.png\" title=\"\" alt=\"\" class=\"ux-logo-image block\" style=\"height:100px;\" \/><\/div><\/div>\n\n<div class=\"ux-logo has-hover align-middle ux_logo inline-block\" style=\"max-width: 100%!important; width: 201.9298245614px!important\"><div class=\"ux-logo-link block image-\" title=\"\"  href=\"\" style=\"padding: 15px;\"><img decoding=\"async\" src=\"https:\/\/easytem.com\/br\/wp-content\/uploads\/2022\/07\/1_novo_walmart.png\" title=\"\" alt=\"\" class=\"ux-logo-image block\" style=\"height:100px;\" \/><\/div><\/div>\n\n<div class=\"ux-logo has-hover align-middle ux_logo inline-block\" style=\"max-width: 100%!important; width: 201.9298245614px!important\"><div class=\"ux-logo-link block image-\" title=\"\"  href=\"\" style=\"padding: 15px;\"><img decoding=\"async\" src=\"https:\/\/easytem.com\/br\/wp-content\/uploads\/2022\/07\/1_novo_martinbrower.png\" title=\"\" alt=\"\" class=\"ux-logo-image block\" style=\"height:100px;\" \/><\/div><\/div>\n\n<div class=\"ux-logo has-hover align-middle ux_logo inline-block\" style=\"max-width: 100%!important; width: 201.9298245614px!important\"><div class=\"ux-logo-link block image-\" title=\"\"  href=\"\" style=\"padding: 15px;\"><img decoding=\"async\" src=\"https:\/\/easytem.com\/br\/wp-content\/uploads\/2022\/07\/1_novo_queirozgalvao.png\" title=\"\" alt=\"\" class=\"ux-logo-image block\" style=\"height:100px;\" \/><\/div><\/div>\n\n<div class=\"ux-logo has-hover align-middle ux_logo inline-block\" style=\"max-width: 100%!important; width: 201.9298245614px!important\"><div class=\"ux-logo-link block image-\" title=\"\"  href=\"\" style=\"padding: 15px;\"><img decoding=\"async\" src=\"https:\/\/easytem.com\/br\/wp-content\/uploads\/2022\/07\/1_novo_copagaz.png\" title=\"\" alt=\"\" class=\"ux-logo-image block\" style=\"height:100px;\" \/><\/div><\/div>\n\n<div class=\"ux-logo has-hover align-middle ux_logo inline-block\" style=\"max-width: 100%!important; width: 201.9298245614px!important\"><div class=\"ux-logo-link block image-\" title=\"\"  href=\"\" style=\"padding: 15px;\"><img decoding=\"async\" src=\"https:\/\/easytem.com\/br\/wp-content\/uploads\/2022\/07\/1_novo_hermes.png\" title=\"\" alt=\"\" class=\"ux-logo-image block\" style=\"height:100px;\" \/><\/div><\/div>\n\n<div class=\"ux-logo has-hover align-middle ux_logo inline-block\" style=\"max-width: 100%!important; width: 201.9298245614px!important\"><div class=\"ux-logo-link block image-\" title=\"\"  href=\"\" style=\"padding: 15px;\"><img decoding=\"async\" src=\"https:\/\/easytem.com\/br\/wp-content\/uploads\/2022\/07\/1_novo_safran.png\" title=\"\" alt=\"\" class=\"ux-logo-image block\" style=\"height:100px;\" \/><\/div><\/div>\n\n\n     <\/div>\n\n     <div class=\"loading-spin dark large centered\"><\/div>\n\n     \t\n<style>\n#slider-394203790 {\n  margin-bottom: 100px;\n}\n<\/style>\n<\/div>\n\n\n\n","protected":false},"excerpt":{"rendered":"","protected":false},"author":1,"featured_media":0,"parent":68,"menu_order":4,"comment_status":"closed","ping_status":"closed","template":"page-blank.php","meta":{"footnotes":""},"class_list":["post-38","page","type-page","status-publish","hentry"],"_links":{"self":[{"href":"https:\/\/easytem.com\/br\/wp-json\/wp\/v2\/pages\/38","targetHints":{"allow":["GET"]}}],"collection":[{"href":"https:\/\/easytem.com\/br\/wp-json\/wp\/v2\/pages"}],"about":[{"href":"https:\/\/easytem.com\/br\/wp-json\/wp\/v2\/types\/page"}],"author":[{"embeddable":true,"href":"https:\/\/easytem.com\/br\/wp-json\/wp\/v2\/users\/1"}],"replies":[{"embeddable":true,"href":"https:\/\/easytem.com\/br\/wp-json\/wp\/v2\/comments?post=38"}],"version-history":[{"count":508,"href":"https:\/\/easytem.com\/br\/wp-json\/wp\/v2\/pages\/38\/revisions"}],"predecessor-version":[{"id":5190,"href":"https:\/\/easytem.com\/br\/wp-json\/wp\/v2\/pages\/38\/revisions\/5190"}],"up":[{"embeddable":true,"href":"https:\/\/easytem.com\/br\/wp-json\/wp\/v2\/pages\/68"}],"wp:attachment":[{"href":"https:\/\/easytem.com\/br\/wp-json\/wp\/v2\/media?parent=38"}],"curies":[{"name":"wp","href":"https:\/\/api.w.org\/{rel}","templated":true}]}}