{"id":1392,"date":"2018-08-17T11:44:45","date_gmt":"2018-08-17T14:44:45","guid":{"rendered":"https:\/\/easytem.com\/br\/?page_id=1392"},"modified":"2019-09-25T17:05:29","modified_gmt":"2019-09-25T20:05:29","slug":"politica-de-privacidade-br","status":"publish","type":"page","link":"https:\/\/easytem.com\/br\/politica-de-privacidade-br\/","title":{"rendered":"Pol\u00edtica de Privacidade &#8211; BR"},"content":{"rendered":"<p>POL\u00cdTICA DE PRIVACIDADE<\/p>\n<p>&#8212;-<\/p>\n<p>SE\u00c7\u00c3O 1 &#8211; O QUE FAZEMOS COM AS SUAS INFORMA\u00c7\u00d5ES?<\/p>\n<p>Quando voc\u00ea compra alguma coisa na nossa loja, como parte do processo de compra e venda, coletamos as informa\u00e7\u00f5es pessoais que voc\u00ea nos fornece, tais como seu nome, endere\u00e7o e e-mail.<\/p>\n<p>Quando voc\u00ea navega pela nossa loja, recebemos tamb\u00e9m automaticamente o protocolo de internet do seu computador (endere\u00e7o de IP) a fim de obter informa\u00e7\u00f5es que nos ajudam a saber mais sobre seu navegador e sistema operacional.<\/p>\n<p>Marketing por e-mail (quando aplic\u00e1vel): Com sua permiss\u00e3o, podemos lhe enviar e-mails sobre nossa loja, novos produtos e outras atualiza\u00e7\u00f5es.<\/p>\n<p>SE\u00c7\u00c3O 2 &#8211; CONSENTIMENTO<\/p>\n<p>Como voc\u00eas obt\u00eam meu consentimento?<\/p>\n<p>Quando voc\u00ea nos fornece as suas informa\u00e7\u00f5es pessoais para completar uma transa\u00e7\u00e3o, verificar seu cart\u00e3o de cr\u00e9dito, fazer um pedido, providenciar uma entrega ou retornar uma compra, voc\u00ea est\u00e1 concordando com a nossa coleta e uso de informa\u00e7\u00f5es pessoais apenas para esses fins espec\u00edficos.<\/p>\n<p>Se pedirmos suas informa\u00e7\u00f5es pessoais por uma raz\u00e3o secund\u00e1ria, como marketing, vamos pedir seu consentimento, ou te dar a oportunidade de dizer n\u00e3o.<\/p>\n<p>Como posso retirar o meu consentimento?<\/p>\n<p>Caso depois de fornecer seus dados voc\u00ea mude de ideia, voc\u00ea pode retirar o seu consentimento quando quiser e assim evitar que entremos em contato para obter ou divulgar informa\u00e7\u00f5es. Entre em contato conosco atrav\u00e9s do easytem@easytem.com ou por correio: EasyTEM Ltda. Rua Olimpiadas, 205 &#8211; andar 4 &#8211; Vila Ol\u00edmpia &#8211; S\u00e3o Paulo &#8211; SP cep 04551-000 &#8211; Brasil<\/p>\n<p>SE\u00c7\u00c3O 3 &#8211; DIVULGA\u00c7\u00c3O<\/p>\n<p>Podemos divulgar suas informa\u00e7\u00f5es pessoais se formos obrigados por lei a faz\u00ea-lo ou se voc\u00ea violar nossos Termos de uso.<\/p>\n<p>SE\u00c7\u00c3O 4 &#8211; SERVI\u00c7OS DE TERCEIROS<\/p>\n<p>No geral, nossos fornecedores terceirizados ir\u00e3o coletar, usar e divulgar suas informa\u00e7\u00f5es apenas na medida do necess\u00e1rio para permitir que eles realizem os servi\u00e7os que eles nos fornecem.<\/p>\n<p>Entretanto, certos prestadores de servi\u00e7os terceirizados, tais como gateways de pagamento e outros processadores de transa\u00e7\u00f5es de pagamento, t\u00eam suas pr\u00f3prias pol\u00edticas de privacidade em rela\u00e7\u00e3o \u00e0 informa\u00e7\u00e3o que somos obrigados a fornecer para eles sobre transa\u00e7\u00f5es relacionadas a compras.<\/p>\n<p>Para esses fornecedores, recomendamos que voc\u00ea leia suas pol\u00edticas de privacidade para que voc\u00ea possa entender de que maneira suas informa\u00e7\u00f5es pessoais ser\u00e3o usadas por esses fornecedores.<\/p>\n<p>Especificamente, lembre-se que certos fornecedores podem estar localizados ou possuir instala\u00e7\u00f5es que ficam em jurisdi\u00e7\u00f5es diferentes da sua ou da nossa. Por isso, se voc\u00ea quiser continuar com uma transa\u00e7\u00e3o que envolva um prestador de servi\u00e7os terceirizado, suas informa\u00e7\u00f5es podem ficar sujeitas \u00e0 legisla\u00e7\u00e3o da(s) jurisdi\u00e7\u00e3o(\u00f5es) onde o prestador de servi\u00e7os ou suas instala\u00e7\u00f5es estiverem localizados.<\/p>\n<p>Por exemplo, se voc\u00ea est\u00e1 no Canad\u00e1 e sua transa\u00e7\u00e3o \u00e9 processada por um gateway de pagamento nos Estados Unidos, suas informa\u00e7\u00f5es pessoais usadas para completar a transa\u00e7\u00e3o podem estar sujeitas a divulga\u00e7\u00e3o sob a legisla\u00e7\u00e3o dos Estados Unidos, incluindo a Lei Patri\u00f3tica.<\/p>\n<p>Uma vez que voc\u00ea sair do site da nossa loja ou for redirecionado para um aplicativo ou site de terceiros, voc\u00ea n\u00e3o ser\u00e1 mais regido por essa Pol\u00edtica de privacidade ou pelos Termos de servi\u00e7o do nosso site.<\/p>\n<p>Links<\/p>\n<p>Quando voc\u00ea clicar em links na nossa loja, eles podem lhe direcionar para fora do nosso site. N\u00e3o somos respons\u00e1veis pelas pr\u00e1ticas de privacidade de outros sites e lhe incentivamos a ler as pol\u00edticas de privacidade deles.<\/p>\n<p>SE\u00c7\u00c3O 5 &#8211; SEGURAN\u00c7A<\/p>\n<p>Para proteger suas informa\u00e7\u00f5es pessoais, tomamos precau\u00e7\u00f5es e seguimos as melhores pr\u00e1ticas da ind\u00fastria para nos certificar que elas n\u00e3o sejam perdidas, usurpadas, acessadas, divulgadas, alteradas ou destru\u00eddas.<\/p>\n<p>Se voc\u00ea nos fornecer as suas informa\u00e7\u00f5es de cart\u00e3o de cr\u00e9dito, elas ser\u00e3o criptografadas usando a tecnologia &#8220;secure socket layer&#8221; (SSL) e armazenadas com criptografia AES-256. Embora nenhum m\u00e9todo de transmiss\u00e3o pela Internet ou armazenamento eletr\u00f4nico seja 100% seguro, n\u00f3s seguimos todos os requisitos da PCI-DSS e implementamos medidas adicionais aceitas pelos padr\u00f5es da ind\u00fastria.<\/p>\n<p>COOKIES<\/p>\n<p>Usamos cookies para v\u00e1rios fins diferentes. Alguns cookies s\u00e3o necess\u00e1rios por motivos t\u00e9cnicos; alguns permitem uma experi\u00eancia personalizada para visitantes e usu\u00e1rios registrados; e alguns permitem a exibi\u00e7\u00e3o de publicidade de redes de terceiros selecionadas. Alguns desses cookies podem ser definidos quando uma p\u00e1gina \u00e9 carregada ou quando um visitante faz uma a\u00e7\u00e3o espec\u00edfica (clicar no bot\u00e3o \u2018curtir\u2019 ou \u2018seguir\u2019 em uma postagem, por exemplo).<\/p>\n<p>Estritamente necess\u00e1rio: Estes s\u00e3o os cookies essenciais para o WordPress.org realizar fun\u00e7\u00f5es b\u00e1sicas. Eles incluem todos os necess\u00e1rios para permitir que usu\u00e1rios registrados autentiquem e executem fun\u00e7\u00f5es relacionadas \u00e0 conta.<\/p>\n<p>Funcionalidade: Estes cookies s\u00e3o usados para armazenar prefer\u00eancias definidas pelos usu\u00e1rios como nome da conta, idioma e localiza\u00e7\u00e3o.<\/p>\n<p>Desempenho: Os cookies de desempenho coletam informa\u00e7\u00f5es sobre como os usu\u00e1rios interagem com sites hospedados no WordPress.org, incluindo quais p\u00e1ginas s\u00e3o mais visitadas, bem como outros dados anal\u00edticos. Esses detalhes s\u00e3o usados \u200b\u200bapenas para melhorar o funcionamento do site.<\/p>\n<p>Rastreio: Eles s\u00e3o definidos por redes confi\u00e1veis \u200b\u200bde terceiros (por exemplo, Google Analytics) para rastrear detalhes como o n\u00famero de visitantes \u00fanicos e exibi\u00e7\u00f5es de p\u00e1gina, para ajudar a melhorar a experi\u00eancia do usu\u00e1rio.<\/p>\n<p>Conte\u00fado de terceiros\/incorporado: O WordPress.org faz uso de diferentes aplicativos e servi\u00e7os de terceiros para melhorar a experi\u00eancia dos visitantes. Isso inclui plataformas de m\u00eddias sociais tais como Facebook e Twitter (por meio do uso de bot\u00f5es de compartilhamento) ou conte\u00fado incorporado do YouTube e Vimeo. Como consequ\u00eancia, cookies podem ser configurados por esses terceiros, e usados por eles para monitorar sua atividade online. N\u00f3s n\u00e3o temos controle direto sobre a informa\u00e7\u00e3o que \u00e9 coletada por esses cookies.<\/p>\n<p>SE\u00c7\u00c3O 6 &#8211; IDADE DE CONSENTIMENTO<\/p>\n<p>Ao usar esse site, voc\u00ea confirma que voc\u00ea \u00e9 maior de idade em seu estado ou prov\u00edncia de resid\u00eancia e que voc\u00ea nos deu seu consentimento para permitir que qualquer um dos seus dependentes menores de idade usem esse site.<\/p>\n<p>SE\u00c7\u00c3O 7 &#8211; ALTERA\u00c7\u00d5ES NA POL\u00cdTICA DE PRIVACIDADE<\/p>\n<p>Reservamos o direito de modificar essa pol\u00edtica de privacidade a qualquer momento. Portanto, por favor, leia-a com frequ\u00eancia. As altera\u00e7\u00f5es e esclarecimentos surtem efeito imediatamente ap\u00f3s serem publicadas no site. Caso fa\u00e7amos altera\u00e7\u00f5es na pol\u00edtica de privacidade, iremos notific\u00e1-lo sobre a atualiza\u00e7\u00e3o. Assim, voc\u00ea saber\u00e1 quais informa\u00e7\u00f5es coletamos, como as usamos, e sob que circunst\u00e2ncias, caso aplic\u00e1vel, as utilizaremos e\/ou divulgaremos.<\/p>\n<p>Caso ocorra a fus\u00e3o da nossa loja com outra empresa, suas informa\u00e7\u00f5es podem ser transferidas para os novos propriet\u00e1rios para que possamos continuar vendendo produtos para voc\u00ea.<\/p>\n<p>PERGUNTAS E INFORMA\u00c7\u00d5ES DE CONTATO<\/p>\n<p>Se voc\u00ea gostaria de acessar, corrigir, alterar ou excluir quaisquer informa\u00e7\u00f5es pessoais que temos sobre voc\u00ea, registre uma queixa, ou simplesmente pe\u00e7a mais informa\u00e7\u00f5es de contato ao nosso Diretor de privacidade atrav\u00e9s do easytem@easytem.com.br ou pelo correio:<\/p>\n<pre>EasyTEM<br \/>A\/C.: Departamento de Privacidade<br \/>Rua Olimpiadas, 205 - andar 4\u00a0<br \/>Vila Ol\u00edmpia, S\u00e3o Paulo - SP - 04551-000 - Brasil<\/pre>\n<p data-line-height=\"xs\" data-padding=\"5px\">\u00a0<\/p>\n","protected":false},"excerpt":{"rendered":"<p>POL\u00cdTICA DE PRIVACIDADE &#8212;- SE\u00c7\u00c3O 1 &#8211; O QUE FAZEMOS COM AS SUAS INFORMA\u00c7\u00d5ES? Quando voc\u00ea compra alguma coisa na nossa loja, como parte do processo de compra e venda, coletamos as informa\u00e7\u00f5es pessoais que voc\u00ea nos fornece, tais como seu nome, endere\u00e7o e e-mail. Quando voc\u00ea navega pela nossa loja, recebemos tamb\u00e9m automaticamente o [&#8230;]\n","protected":false},"author":1,"featured_media":0,"parent":0,"menu_order":0,"comment_status":"closed","ping_status":"closed","template":"","meta":{"footnotes":""},"class_list":["post-1392","page","type-page","status-publish","hentry"],"_links":{"self":[{"href":"https:\/\/easytem.com\/br\/wp-json\/wp\/v2\/pages\/1392","targetHints":{"allow":["GET"]}}],"collection":[{"href":"https:\/\/easytem.com\/br\/wp-json\/wp\/v2\/pages"}],"about":[{"href":"https:\/\/easytem.com\/br\/wp-json\/wp\/v2\/types\/page"}],"author":[{"embeddable":true,"href":"https:\/\/easytem.com\/br\/wp-json\/wp\/v2\/users\/1"}],"replies":[{"embeddable":true,"href":"https:\/\/easytem.com\/br\/wp-json\/wp\/v2\/comments?post=1392"}],"version-history":[{"count":6,"href":"https:\/\/easytem.com\/br\/wp-json\/wp\/v2\/pages\/1392\/revisions"}],"predecessor-version":[{"id":1926,"href":"https:\/\/easytem.com\/br\/wp-json\/wp\/v2\/pages\/1392\/revisions\/1926"}],"wp:attachment":[{"href":"https:\/\/easytem.com\/br\/wp-json\/wp\/v2\/media?parent=1392"}],"curies":[{"name":"wp","href":"https:\/\/api.w.org\/{rel}","templated":true}]}}