{"id":1034,"date":"2018-08-07T00:08:58","date_gmt":"2018-08-07T03:08:58","guid":{"rendered":"https:\/\/easytem.com\/br\/?page_id=1034"},"modified":"2022-07-25T15:15:24","modified_gmt":"2022-07-25T18:15:24","slug":"sobre-nos-br","status":"publish","type":"page","link":"https:\/\/easytem.com\/br\/sobre-nos-br\/","title":{"rendered":"Sobre N\u00f3s &#8211; BR"},"content":{"rendered":"\n\t<section class=\"section\" id=\"section_900686812\">\n\t\t<div class=\"bg section-bg fill bg-fill  bg-loaded\" >\n\n\t\t\t\n\t\t\t<div class=\"section-bg-overlay absolute fill\"><\/div>\n\t\t\t\n\n\t\t<\/div>\n\n\t\t<div class=\"section-content relative\">\n\t\t\t\n\n<div class=\"row row-large align-center\"  id=\"row-935497653\">\n\n\n\t<div id=\"col-1354737891\" class=\"col large-12\"  >\n\t\t\t\t<div class=\"col-inner text-center\"  >\n\t\t\t\n\t\t\t\n\n  <div id=\"page-header-1617853614\" class=\"page-header-wrapper\">\n  <div class=\"page-title light featured-title\">\n\n        <div class=\"page-title-bg\">\n      <div class=\"title-bg fill bg-fill\"\n        data-parallax-container=\".page-title\"\n        data-parallax-background\n        data-parallax=\"-\">\n      <\/div>\n      <div class=\"title-overlay fill\"><\/div>\n    <\/div>\n    \n    <div class=\"page-title-inner container align-center text-center flex-row-col medium-flex-wrap\" >\n              <div class=\"title-wrapper flex-col\">\n          <h1 class=\"entry-title mb-0\">\n            Quem Somos          <\/h1>\n        <\/div>\n                    <div class=\"title-content flex-col\">\n        <div class=\"title-breadcrumbs pb-half pt-half\"><nav class=\"woocommerce-breadcrumb breadcrumbs uppercase\">Home<\/nav><\/div>      <\/div>\n    <\/div>\n\n     \n<style>\n#page-header-1617853614 .title-overlay {\n  background-color: rgb(245, 242, 242);\n}\n#page-header-1617853614 .featured-title {\n  background-color: rgb(255, 255, 255);\n}\n<\/style>\n  <\/div>\n    <\/div>\n  \n\n<div class=\"row\"  id=\"row-871899822\">\n\n\n\t<div id=\"col-763135488\" class=\"col medium-6 small-12 large-6\"  >\n\t\t\t\t<div class=\"col-inner\"  >\n\t\t\t\n\t\t\t\n\n\t<div id=\"text-1483408032\" class=\"text\">\n\t\t\n\n<p>\u00a0<\/p>\n<p>Somos a EasyTEM, empresa com profissionais e sistemas dedicados a Gest\u00e3o de Telecomunica\u00e7\u00f5es Corporativas. Desde os anos 80 somos reconhecidos como a melhor op\u00e7\u00e3o em trazer resultados efetivos aos nossos clientes. Resultados que se traduzem em economia nos gastos mensais com faturas de telefonia fixa, telefonia m\u00f3vel e circuitos de dados e, excel\u00eancia na qualidade dos servi\u00e7os prestados pelas operadoras.<\/p>\n<p>Zelamos pela \u00e9tica, profissionalismo e transpar\u00eancia com os envolvidos em nossos projetos e, gra\u00e7as a essa vis\u00e3o, nos orgulhamos de superar a marca de mais de 1000 projetos bem sucedidos.<\/p>\n\t\t\n<style>\n#text-1483408032 {\n  line-height: 1.55;\n}\n<\/style>\n\t<\/div>\n\t\n\n\t\t<\/div>\n\t\t\t\t\t<\/div>\n\n\t\n\n\t<div id=\"col-1889849013\" class=\"col medium-6 small-12 large-6\"  >\n\t\t\t\t<div class=\"col-inner text-left\"  >\n\t\t\t\n\t\t\t\n\n\t<div class=\"img has-hover x md-x lg-x y md-y lg-y\" id=\"image_1707356872\">\n\t\t\t\t\t\t\t\t<div class=\"img-inner dark\" style=\"margin:0px 0px 0px 0;\">\n\t\t\t<img loading=\"lazy\" decoding=\"async\" width=\"655\" height=\"348\" src=\"https:\/\/easytem.com\/br\/wp-content\/uploads\/2019\/08\/LOGO-Fundo-Transp.png\" class=\"attachment-large size-large\" alt=\"\" srcset=\"https:\/\/easytem.com\/br\/wp-content\/uploads\/2019\/08\/LOGO-Fundo-Transp.png 655w, https:\/\/easytem.com\/br\/wp-content\/uploads\/2019\/08\/LOGO-Fundo-Transp-200x106.png 200w\" sizes=\"auto, (max-width: 655px) 100vw, 655px\" \/>\t\t\t\t\t\t\n\t\t\t\t\t<\/div>\n\t\t\t\t\t\t\t\t\n<style>\n#image_1707356872 {\n  width: 90%;\n}\n<\/style>\n\t<\/div>\n\t\n\n\n\t\t<\/div>\n\t\t\t\t\n<style>\n#col-1889849013 > .col-inner {\n  padding: 50px 0px 0px 20px;\n  margin: 0px 0px px 0px;\n}\n<\/style>\n\t<\/div>\n\n\t\n\n<\/div>\n\t<div class=\"img has-hover x md-x lg-x y md-y lg-y\" id=\"image_1632191157\">\n\t\t\t\t\t\t\t\t<div class=\"img-inner dark\" >\n\t\t\t<img loading=\"lazy\" decoding=\"async\" width=\"1020\" height=\"398\" src=\"https:\/\/easytem.com\/br\/wp-content\/uploads\/2022\/07\/Nossas-Conquistas-Michele.jpeg\" class=\"attachment-large size-large\" alt=\"\" srcset=\"https:\/\/easytem.com\/br\/wp-content\/uploads\/2022\/07\/Nossas-Conquistas-Michele.jpeg 1280w, https:\/\/easytem.com\/br\/wp-content\/uploads\/2022\/07\/Nossas-Conquistas-Michele-800x313.jpeg 800w, https:\/\/easytem.com\/br\/wp-content\/uploads\/2022\/07\/Nossas-Conquistas-Michele-768x300.jpeg 768w, https:\/\/easytem.com\/br\/wp-content\/uploads\/2022\/07\/Nossas-Conquistas-Michele-200x78.jpeg 200w\" sizes=\"auto, (max-width: 1020px) 100vw, 1020px\" \/>\t\t\t\t\t\t\n\t\t\t\t\t<\/div>\n\t\t\t\t\t\t\t\t\n<style>\n#image_1632191157 {\n  width: 100%;\n}\n<\/style>\n\t<\/div>\n\t\n\n\n\t\t<\/div>\n\t\t\t\t\n<style>\n#col-1354737891 > .col-inner {\n  padding: 0px 0px 0px 0px;\n}\n<\/style>\n\t<\/div>\n\n\t\n\n<\/div>\n\n\t\t<\/div>\n\n\t\t\n<style>\n#section_900686812 {\n  padding-top: 0px;\n  padding-bottom: 0px;\n}\n#section_900686812 .section-bg-overlay {\n  background-color: rgba(255, 255, 255, 0.85);\n}\n<\/style>\n\t<\/section>\n\t\n\n","protected":false},"excerpt":{"rendered":"","protected":false},"author":1,"featured_media":0,"parent":0,"menu_order":0,"comment_status":"closed","ping_status":"closed","template":"","meta":{"footnotes":""},"class_list":["post-1034","page","type-page","status-publish","hentry"],"_links":{"self":[{"href":"https:\/\/easytem.com\/br\/wp-json\/wp\/v2\/pages\/1034","targetHints":{"allow":["GET"]}}],"collection":[{"href":"https:\/\/easytem.com\/br\/wp-json\/wp\/v2\/pages"}],"about":[{"href":"https:\/\/easytem.com\/br\/wp-json\/wp\/v2\/types\/page"}],"author":[{"embeddable":true,"href":"https:\/\/easytem.com\/br\/wp-json\/wp\/v2\/users\/1"}],"replies":[{"embeddable":true,"href":"https:\/\/easytem.com\/br\/wp-json\/wp\/v2\/comments?post=1034"}],"version-history":[{"count":43,"href":"https:\/\/easytem.com\/br\/wp-json\/wp\/v2\/pages\/1034\/revisions"}],"predecessor-version":[{"id":4933,"href":"https:\/\/easytem.com\/br\/wp-json\/wp\/v2\/pages\/1034\/revisions\/4933"}],"wp:attachment":[{"href":"https:\/\/easytem.com\/br\/wp-json\/wp\/v2\/media?parent=1034"}],"curies":[{"name":"wp","href":"https:\/\/api.w.org\/{rel}","templated":true}]}}